{"id":9,"date":"2020-06-05T07:25:34","date_gmt":"2020-06-05T07:25:34","guid":{"rendered":"https:\/\/hotelwyspa.pl\/index.php\/live-the-life-you-deserve\/"},"modified":"2021-08-27T07:04:44","modified_gmt":"2021-08-27T07:04:44","slug":"live-the-life-you-deserve","status":"publish","type":"page","link":"https:\/\/hotelwyspa.pl\/","title":{"rendered":"Najlepsze tre\u015bci online"},"content":{"rendered":"<section class=\"ab-block-post-grid featuredpost alignfull margin-overlay\"><div class=\"ab-post-grid-items is-grid columns-2\"><article id=\"post-267\" class=\"ab-post-grid-item post-267 post type-post status-publish format-standard has-post-thumbnail category-inne entry\"><div class=\"ab-block-post-grid-image\"><a href=\"https:\/\/hotelwyspa.pl\/index.php\/2023\/04\/24\/wentylacja-w-firmie-a-przepisy-prawne-co-warto-wiedziec\/\" rel=\"bookmark\" aria-hidden=\"true\" tabindex=\"-1\"><img width=\"800\" height=\"400\" src=\"https:\/\/hotelwyspa.pl\/wp-content\/uploads\/2023\/04\/wentylacja-w-firmie-a-przepisy-prawne-co-warto-wiedziec-800x400.jpg\" class=\"attachment-featured-image size-featured-image\" alt=\"Wentylacja w firmie a przepisy prawne \u2013 co warto wiedzie\u0107?\" loading=\"lazy\" srcset=\"https:\/\/hotelwyspa.pl\/wp-content\/uploads\/2023\/04\/wentylacja-w-firmie-a-przepisy-prawne-co-warto-wiedziec-800x400.jpg 800w, https:\/\/hotelwyspa.pl\/wp-content\/uploads\/2023\/04\/wentylacja-w-firmie-a-przepisy-prawne-co-warto-wiedziec-1600x800.jpg 1600w\" sizes=\"(max-width: 800px) 100vw, 800px\" \/><\/a><\/div><div class=\"ab-block-post-grid-text\"><header class=\"ab-block-post-grid-header\"><h2 class=\"ab-block-post-grid-title\"><a href=\"https:\/\/hotelwyspa.pl\/index.php\/2023\/04\/24\/wentylacja-w-firmie-a-przepisy-prawne-co-warto-wiedziec\/\" rel=\"bookmark\">Wentylacja w firmie a przepisy prawne \u2013 co warto wiedzie\u0107?<\/a><\/h2><div class=\"ab-block-post-grid-byline\"><div class=\"ab-block-post-grid-author\" itemprop=\"author\" itemtype=\"https:\/\/schema.org\/Person\"><a class=\"ab-text-link\" href=\"https:\/\/hotelwyspa.pl\/index.php\/author\/admin\/\" itemprop=\"url\" rel=\"author\"><span itemprop=\"name\">Jagoda<\/span><\/a><\/div><time datetime=\"2023-04-24T07:25:27+00:00\" class=\"ab-block-post-grid-date\" itemprop=\"datePublished\">24\/04\/2023<\/time><\/div><\/header><div class=\"ab-block-post-grid-excerpt\"><p>Choroby uk\u0142adu oddechowego, niska wydajno\u015b\u0107 pracownik\u00f3w, zwi\u0119kszone ryzyko po\u017caru\u2026 Cz\u0119sto zapomina si\u0119 o tym, jak wa\u017cn\u0105&hellip;<\/p>\n<p><a class=\"ab-block-post-grid-more-link ab-text-link\" href=\"https:\/\/hotelwyspa.pl\/index.php\/2023\/04\/24\/wentylacja-w-firmie-a-przepisy-prawne-co-warto-wiedziec\/\" rel=\"bookmark\">Continue Reading <span class=\"screen-reader-text\">Wentylacja w firmie a przepisy prawne \u2013 co warto wiedzie\u0107?<\/span><\/a><\/p><\/div><\/div><\/article>\n<article id=\"post-250\" class=\"ab-post-grid-item post-250 post type-post status-publish format-standard has-post-thumbnail category-dom entry\"><div class=\"ab-block-post-grid-image\"><a href=\"https:\/\/hotelwyspa.pl\/index.php\/2023\/02\/01\/jakie-sa-zalety-pergoli-na-balkonie-w-bloku\/\" rel=\"bookmark\" aria-hidden=\"true\" tabindex=\"-1\"><img width=\"800\" height=\"400\" src=\"https:\/\/hotelwyspa.pl\/wp-content\/uploads\/2023\/02\/Jakie-sa-zalety-pergoli-na-balkonie-w-bloku-800x400.jpg\" class=\"attachment-featured-image size-featured-image\" alt=\"ma\u0142y balkon w bloku\" loading=\"lazy\" srcset=\"https:\/\/hotelwyspa.pl\/wp-content\/uploads\/2023\/02\/Jakie-sa-zalety-pergoli-na-balkonie-w-bloku-800x400.jpg 800w, https:\/\/hotelwyspa.pl\/wp-content\/uploads\/2023\/02\/Jakie-sa-zalety-pergoli-na-balkonie-w-bloku-1600x800.jpg 1600w\" sizes=\"(max-width: 800px) 100vw, 800px\" \/><\/a><\/div><div class=\"ab-block-post-grid-text\"><header class=\"ab-block-post-grid-header\"><h2 class=\"ab-block-post-grid-title\"><a href=\"https:\/\/hotelwyspa.pl\/index.php\/2023\/02\/01\/jakie-sa-zalety-pergoli-na-balkonie-w-bloku\/\" rel=\"bookmark\">Jakie s\u0105 zalety pergoli na balkonie w bloku?<\/a><\/h2><div class=\"ab-block-post-grid-byline\"><div class=\"ab-block-post-grid-author\" itemprop=\"author\" itemtype=\"https:\/\/schema.org\/Person\"><a class=\"ab-text-link\" href=\"https:\/\/hotelwyspa.pl\/index.php\/author\/admin\/\" itemprop=\"url\" rel=\"author\"><span itemprop=\"name\">Jagoda<\/span><\/a><\/div><time datetime=\"2023-02-01T14:18:24+00:00\" class=\"ab-block-post-grid-date\" itemprop=\"datePublished\">01\/02\/2023<\/time><\/div><\/header><div class=\"ab-block-post-grid-excerpt\"><p>Je\u015bli jeste\u015b w\u0142a\u015bcicielem mieszkania, do kt\u00f3rego przynale\u017cy balkon, z pewno\u015bci\u0105 zdajesz sobie spraw\u0119, \u017ce jest to&hellip;<\/p>\n<p><a class=\"ab-block-post-grid-more-link ab-text-link\" href=\"https:\/\/hotelwyspa.pl\/index.php\/2023\/02\/01\/jakie-sa-zalety-pergoli-na-balkonie-w-bloku\/\" rel=\"bookmark\">Continue Reading <span class=\"screen-reader-text\">Jakie s\u0105 zalety pergoli na balkonie w bloku?<\/span><\/a><\/p><\/div><\/div><\/article>\n<\/div><\/section>\n\n<section class=\"ab-block-post-grid featuredpost alignfull\"><div class=\"ab-post-grid-items is-grid columns-3\"><article id=\"post-246\" class=\"ab-post-grid-item post-246 post type-post status-publish format-standard has-post-thumbnail category-zdrowie-i-uroda entry\"><div class=\"ab-block-post-grid-image\"><a href=\"https:\/\/hotelwyspa.pl\/index.php\/2022\/12\/20\/kiedy-powinno-wybrac-sie-do-dentysty-a-kiedy-do-stomatologa\/\" rel=\"bookmark\" aria-hidden=\"true\" tabindex=\"-1\"><img width=\"800\" height=\"400\" src=\"https:\/\/hotelwyspa.pl\/wp-content\/uploads\/2022\/12\/Kiedy-powinno-wybrac-sie-do-dentysty-a-kiedy-do-stomatologa-800x400.jpg\" class=\"attachment-featured-image size-featured-image\" alt=\"Czysty gabinet dentystyczny, stomatologiczny\" loading=\"lazy\" srcset=\"https:\/\/hotelwyspa.pl\/wp-content\/uploads\/2022\/12\/Kiedy-powinno-wybrac-sie-do-dentysty-a-kiedy-do-stomatologa-800x400.jpg 800w, https:\/\/hotelwyspa.pl\/wp-content\/uploads\/2022\/12\/Kiedy-powinno-wybrac-sie-do-dentysty-a-kiedy-do-stomatologa-1600x800.jpg 1600w\" sizes=\"(max-width: 800px) 100vw, 800px\" \/><\/a><\/div><div class=\"ab-block-post-grid-text\"><header class=\"ab-block-post-grid-header\"><h2 class=\"ab-block-post-grid-title\"><a href=\"https:\/\/hotelwyspa.pl\/index.php\/2022\/12\/20\/kiedy-powinno-wybrac-sie-do-dentysty-a-kiedy-do-stomatologa\/\" rel=\"bookmark\">Kiedy powinno wybra\u0107 si\u0119 do dentysty, a kiedy do stomatologa?<\/a><\/h2><div class=\"ab-block-post-grid-byline\"><\/div><\/header><div class=\"ab-block-post-grid-excerpt\"><\/div><\/div><\/article>\n<article id=\"post-241\" class=\"ab-post-grid-item post-241 post type-post status-publish format-standard has-post-thumbnail category-dom entry\"><div class=\"ab-block-post-grid-image\"><a href=\"https:\/\/hotelwyspa.pl\/index.php\/2022\/12\/01\/jak-wentylacja-wplywa-na-samopoczucie\/\" rel=\"bookmark\" aria-hidden=\"true\" tabindex=\"-1\"><img width=\"800\" height=\"400\" src=\"https:\/\/hotelwyspa.pl\/wp-content\/uploads\/2022\/12\/Jak-wentylacja-wplywa-na-samopoczucie-800x400.jpg\" class=\"attachment-featured-image size-featured-image\" alt=\"m\u0119\u017cczyzna siedzi na sofie w ciemnym pomieszczeniu i palcami jednej r\u0119ki pociera czo\u0142o\" loading=\"lazy\" srcset=\"https:\/\/hotelwyspa.pl\/wp-content\/uploads\/2022\/12\/Jak-wentylacja-wplywa-na-samopoczucie-800x400.jpg 800w, https:\/\/hotelwyspa.pl\/wp-content\/uploads\/2022\/12\/Jak-wentylacja-wplywa-na-samopoczucie-1600x800.jpg 1600w\" sizes=\"(max-width: 800px) 100vw, 800px\" \/><\/a><\/div><div class=\"ab-block-post-grid-text\"><header class=\"ab-block-post-grid-header\"><h2 class=\"ab-block-post-grid-title\"><a href=\"https:\/\/hotelwyspa.pl\/index.php\/2022\/12\/01\/jak-wentylacja-wplywa-na-samopoczucie\/\" rel=\"bookmark\">Jak wentylacja wp\u0142ywa na samopoczucie?<\/a><\/h2><div class=\"ab-block-post-grid-byline\"><\/div><\/header><div class=\"ab-block-post-grid-excerpt\"><\/div><\/div><\/article>\n<article id=\"post-234\" class=\"ab-post-grid-item post-234 post type-post status-publish format-standard has-post-thumbnail category-zdrowie-i-uroda entry\"><div class=\"ab-block-post-grid-image\"><a href=\"https:\/\/hotelwyspa.pl\/index.php\/2022\/10\/05\/system-cerec-co-to-jest-i-na-czym-polega\/\" rel=\"bookmark\" aria-hidden=\"true\" tabindex=\"-1\"><img width=\"800\" height=\"400\" src=\"https:\/\/hotelwyspa.pl\/wp-content\/uploads\/2022\/10\/System-CEREC-co-to-i-na-czym-polega-800x400.jpg\" class=\"attachment-featured-image size-featured-image\" alt=\"dentystka w pracy\" loading=\"lazy\" srcset=\"https:\/\/hotelwyspa.pl\/wp-content\/uploads\/2022\/10\/System-CEREC-co-to-i-na-czym-polega-800x400.jpg 800w, https:\/\/hotelwyspa.pl\/wp-content\/uploads\/2022\/10\/System-CEREC-co-to-i-na-czym-polega-1600x800.jpg 1600w\" sizes=\"(max-width: 800px) 100vw, 800px\" \/><\/a><\/div><div class=\"ab-block-post-grid-text\"><header class=\"ab-block-post-grid-header\"><h2 class=\"ab-block-post-grid-title\"><a href=\"https:\/\/hotelwyspa.pl\/index.php\/2022\/10\/05\/system-cerec-co-to-jest-i-na-czym-polega\/\" rel=\"bookmark\">System CEREC &#8211; co to jest i na czym polega?<\/a><\/h2><div class=\"ab-block-post-grid-byline\"><\/div><\/header><div class=\"ab-block-post-grid-excerpt\"><\/div><\/div><\/article>\n<\/div><\/section>\n\n\n<div class=\"wp-block-atomic-blocks-ab-container ab-block-container alignfull\"><div class=\"ab-container-inside\"><div class=\"ab-container-content\"><\/div><\/div><\/div>\n","protected":false},"excerpt":{"rendered":"","protected":false},"author":1,"featured_media":0,"parent":0,"menu_order":0,"comment_status":"closed","ping_status":"closed","template":"page-templates\/blocks.php","meta":{"_genesis_hide_title":false,"_genesis_hide_breadcrumbs":false,"_genesis_hide_singular_image":false,"_genesis_hide_footer_widgets":false,"_genesis_custom_body_class":"","_genesis_custom_post_class":"","_genesis_layout":""},"yoast_head":"<!-- This site is optimized with the Yoast SEO plugin v19.4 - https:\/\/yoast.com\/wordpress\/plugins\/seo\/ -->\n<title>Najlepsze tre\u015bci online - Hotel wyspa<\/title>\n<meta name=\"robots\" content=\"index, follow, max-snippet:-1, max-image-preview:large, max-video-preview:-1\" \/>\n<link rel=\"canonical\" href=\"https:\/\/hotelwyspa.pl\/\" \/>\n<meta property=\"og:locale\" content=\"pl_PL\" \/>\n<meta property=\"og:type\" content=\"article\" \/>\n<meta property=\"og:title\" content=\"Najlepsze tre\u015bci online - Hotel wyspa\" \/>\n<meta property=\"og:url\" content=\"https:\/\/hotelwyspa.pl\/\" \/>\n<meta property=\"og:site_name\" content=\"Hotel wyspa\" \/>\n<meta property=\"article:modified_time\" content=\"2021-08-27T07:04:44+00:00\" \/>\n<meta name=\"twitter:card\" content=\"summary_large_image\" \/>\n<meta name=\"twitter:label1\" content=\"Szacowany czas czytania\" \/>\n\t<meta name=\"twitter:data1\" content=\"1 minuta\" \/>\n<script type=\"application\/ld+json\" class=\"yoast-schema-graph\">{\"@context\":\"https:\/\/schema.org\",\"@graph\":[{\"@type\":\"WebSite\",\"@id\":\"https:\/\/hotelwyspa.pl\/#website\",\"url\":\"https:\/\/hotelwyspa.pl\/\",\"name\":\"Hotel wyspa\",\"description\":\"Hotel wyspa to Twoje miejsce w sieci z precyzyjnie wyselekcjonowanymi informacjami.\",\"potentialAction\":[{\"@type\":\"SearchAction\",\"target\":{\"@type\":\"EntryPoint\",\"urlTemplate\":\"https:\/\/hotelwyspa.pl\/?s={search_term_string}\"},\"query-input\":\"required name=search_term_string\"}],\"inLanguage\":\"pl-PL\"},{\"@type\":\"WebPage\",\"@id\":\"https:\/\/hotelwyspa.pl\/\",\"url\":\"https:\/\/hotelwyspa.pl\/\",\"name\":\"Najlepsze tre\u015bci online - Hotel wyspa\",\"isPartOf\":{\"@id\":\"https:\/\/hotelwyspa.pl\/#website\"},\"datePublished\":\"2020-06-05T07:25:34+00:00\",\"dateModified\":\"2021-08-27T07:04:44+00:00\",\"breadcrumb\":{\"@id\":\"https:\/\/hotelwyspa.pl\/#breadcrumb\"},\"inLanguage\":\"pl-PL\",\"potentialAction\":[{\"@type\":\"ReadAction\",\"target\":[\"https:\/\/hotelwyspa.pl\/\"]}]},{\"@type\":\"BreadcrumbList\",\"@id\":\"https:\/\/hotelwyspa.pl\/#breadcrumb\",\"itemListElement\":[{\"@type\":\"ListItem\",\"position\":1,\"name\":\"Strona g\u0142\u00f3wna\",\"item\":\"https:\/\/hotelwyspa.pl\/\"},{\"@type\":\"ListItem\",\"position\":2,\"name\":\"Najlepsze tre\u015bci online\"}]}]}<\/script>\n<!-- \/ Yoast SEO plugin. -->","yoast_head_json":{"title":"Najlepsze tre\u015bci online - Hotel wyspa","robots":{"index":"index","follow":"follow","max-snippet":"max-snippet:-1","max-image-preview":"max-image-preview:large","max-video-preview":"max-video-preview:-1"},"canonical":"https:\/\/hotelwyspa.pl\/","og_locale":"pl_PL","og_type":"article","og_title":"Najlepsze tre\u015bci online - Hotel wyspa","og_url":"https:\/\/hotelwyspa.pl\/","og_site_name":"Hotel wyspa","article_modified_time":"2021-08-27T07:04:44+00:00","twitter_card":"summary_large_image","twitter_misc":{"Szacowany czas czytania":"1 minuta"},"schema":{"@context":"https:\/\/schema.org","@graph":[{"@type":"WebSite","@id":"https:\/\/hotelwyspa.pl\/#website","url":"https:\/\/hotelwyspa.pl\/","name":"Hotel wyspa","description":"Hotel wyspa to Twoje miejsce w sieci z precyzyjnie wyselekcjonowanymi informacjami.","potentialAction":[{"@type":"SearchAction","target":{"@type":"EntryPoint","urlTemplate":"https:\/\/hotelwyspa.pl\/?s={search_term_string}"},"query-input":"required name=search_term_string"}],"inLanguage":"pl-PL"},{"@type":"WebPage","@id":"https:\/\/hotelwyspa.pl\/","url":"https:\/\/hotelwyspa.pl\/","name":"Najlepsze tre\u015bci online - Hotel wyspa","isPartOf":{"@id":"https:\/\/hotelwyspa.pl\/#website"},"datePublished":"2020-06-05T07:25:34+00:00","dateModified":"2021-08-27T07:04:44+00:00","breadcrumb":{"@id":"https:\/\/hotelwyspa.pl\/#breadcrumb"},"inLanguage":"pl-PL","potentialAction":[{"@type":"ReadAction","target":["https:\/\/hotelwyspa.pl\/"]}]},{"@type":"BreadcrumbList","@id":"https:\/\/hotelwyspa.pl\/#breadcrumb","itemListElement":[{"@type":"ListItem","position":1,"name":"Strona g\u0142\u00f3wna","item":"https:\/\/hotelwyspa.pl\/"},{"@type":"ListItem","position":2,"name":"Najlepsze tre\u015bci online"}]}]}},"featured_image_src":null,"featured_image_src_square":null,"_links":{"self":[{"href":"https:\/\/hotelwyspa.pl\/index.php\/wp-json\/wp\/v2\/pages\/9"}],"collection":[{"href":"https:\/\/hotelwyspa.pl\/index.php\/wp-json\/wp\/v2\/pages"}],"about":[{"href":"https:\/\/hotelwyspa.pl\/index.php\/wp-json\/wp\/v2\/types\/page"}],"author":[{"embeddable":true,"href":"https:\/\/hotelwyspa.pl\/index.php\/wp-json\/wp\/v2\/users\/1"}],"replies":[{"embeddable":true,"href":"https:\/\/hotelwyspa.pl\/index.php\/wp-json\/wp\/v2\/comments?post=9"}],"version-history":[{"count":4,"href":"https:\/\/hotelwyspa.pl\/index.php\/wp-json\/wp\/v2\/pages\/9\/revisions"}],"predecessor-version":[{"id":209,"href":"https:\/\/hotelwyspa.pl\/index.php\/wp-json\/wp\/v2\/pages\/9\/revisions\/209"}],"wp:attachment":[{"href":"https:\/\/hotelwyspa.pl\/index.php\/wp-json\/wp\/v2\/media?parent=9"}],"curies":[{"name":"wp","href":"https:\/\/api.w.org\/{rel}","templated":true}]}}